{"id":14,"date":"2020-04-18T06:06:06","date_gmt":"2020-04-18T06:06:06","guid":{"rendered":"http:\/\/dszjaunde.com\/?page_id=14"},"modified":"2024-06-06T10:52:37","modified_gmt":"2024-06-06T10:52:37","slug":"inscriptions","status":"publish","type":"page","link":"https:\/\/dszjaunde.com\/?page_id=14","title":{"rendered":"Inscriptions"},"content":{"rendered":"\n<ol>\n<li><strong>INSCRIPTION\nET FRAIS DES COURS<\/strong><\/li>\n<\/ol>\n\n\n\n<p class=\"has-text-align-left\">&nbsp;&nbsp;&nbsp;&nbsp;&nbsp;&nbsp;&nbsp; L\u2019inscription se fait la semaine qui pr\u00e9c\u00e8de le d\u00e9but des cours. Les apprenants doivent s\u2019acquitter de la somme de <strong>10 000 FCFA<\/strong> pour les cours de langues et<strong> 25000 FCFA<\/strong> pour les formations professionnelles comme frais d\u2019administration et les frais de formations sont r\u00e9partis comme suit&nbsp;:<\/p>\n\n\n\n<ul>\n<li>Course<strong> d\u2019Allemand<\/strong>   <\/li>\n<\/ul>\n\n\n\n<div class=\"wp-block-cover\"><span aria-hidden=\"true\" class=\"wp-block-cover__background has-background-dim\"><\/span><img decoding=\"async\" loading=\"lazy\" width=\"133\" height=\"80\" class=\"wp-block-cover__image-background wp-image-107\" alt=\"\" src=\"http:\/\/dszjaunde.com\/wp-content\/uploads\/2020\/05\/IMG-20200420-WA0020.jpg\" data-object-fit=\"cover\"\/><div class=\"wp-block-cover__inner-container\">\n<p class=\"has-text-align-center has-large-font-size\">Cours d&rsquo;Allemand<\/p>\n<\/div><\/div>\n\n\n\n<figure class=\"wp-block-table is-style-stripes\"><table><tbody><tr><td>   <strong>Cours<\/strong>                                      <\/td><td>\n  <strong>Frais<\/strong>\n  <\/td><td>\n  <strong>Niveau<\/strong>\n  <\/td><\/tr><\/tbody><\/table><\/figure>\n\n\n\n<figure class=\"wp-block-table is-style-regular\"><table class=\"has-fixed-layout\"><tbody><tr><td><strong>Intensif   (150 unit\u00e9s + manuels)<\/strong>   <\/td><td>   <strong>Jour <\/strong><br><br><strong>ou<\/strong> <br><br><strong>soir<\/strong><\/td><td>   <strong><strong>130 000 FCFA<\/strong><\/strong>   <\/td><td><strong>A1<\/strong><\/td><\/tr><\/tbody><\/table><\/figure>\n\n\n\n<figure class=\"wp-block-table\"><table class=\"has-fixed-layout\"><tbody><tr><td><strong>Intensif   (150 unit\u00e9s + manuels)<\/strong>    <\/td><td>  <strong>Jour<\/strong><br><br><strong>ou<\/strong> <br><br><strong>Soir<\/strong>   <\/td><td>   <strong>130  000 FCFA  <\/strong> <\/td><td><strong>A2    <\/strong><\/td><\/tr><\/tbody><\/table><\/figure>\n\n\n\n<figure class=\"wp-block-table\"><table class=\"has-fixed-layout\"><tbody><tr><td><strong>Intensif   (160 unit\u00e9s + manuels)<\/strong>   <\/td><td>\n  <strong>Jour<\/strong>\n  <\/td><td>   <strong>140 000 FCFA<\/strong>   <\/td><td><strong>B1   <\/strong><\/td><\/tr><\/tbody><\/table><\/figure>\n\n\n\n<figure class=\"wp-block-table\"><table class=\"has-fixed-layout\"><tbody><tr><td><strong>Intensif   (160 unit\u00e9s + manuels)<\/strong>    <\/td><td>\n  <strong>Soir<\/strong>\n  <\/td><td><strong>   140 000 FCFA   <\/strong><\/td><td><strong>B1<\/strong><\/td><\/tr><\/tbody><\/table><\/figure>\n\n\n\n<figure class=\"wp-block-table\"><table class=\"has-fixed-layout\"><tbody><tr><td><strong>Intensif   (180 unit\u00e9s +        manuels)<\/strong>   <\/td><td>\n  <strong>Jour<\/strong>\n  <\/td><td>   <strong>140 000FCFA   <\/strong><\/td><td><strong>B2<\/strong>   <\/td><\/tr><\/tbody><\/table><\/figure>\n\n\n\n<figure class=\"wp-block-table\"><table class=\"has-fixed-layout\"><tbody><tr><td><strong>Intensif   (180 unit\u00e9s +        manuels)<\/strong>  <\/td><td>\n  <strong>Soir<\/strong>\n  <\/td><td>   <strong>140 000FCFA<\/strong>   <\/td><td><strong>B2<\/strong>    <\/td><\/tr><\/tbody><\/table><\/figure>\n\n\n\n<figure class=\"wp-block-table\"><table class=\"has-fixed-layout\"><tbody><tr><td><strong>Intensif (165 unit\u00e9s + manuels)<\/strong>   <\/td><td>\n  <strong>Jour<\/strong>\n  <\/td><td>   <strong>150   000FCFA<\/strong>   <\/td><td><strong>C1<\/strong>   <\/td><\/tr><\/tbody><\/table><\/figure>\n\n\n\n<figure class=\"wp-block-table\"><table class=\"has-fixed-layout\"><tbody><tr><td><strong>Intensif (165 unit\u00e9s + manuels)<\/strong>    <\/td><td>\n  <strong>Soir<\/strong>\n  <\/td><td>   <strong>150 000FCFA<\/strong>   <\/td><td><strong>C1<\/strong>  <\/td><\/tr><\/tbody><\/table><\/figure>\n\n\n\n<figure class=\"wp-block-table\"><table class=\"has-fixed-layout\"><tbody><tr><td><strong>Pour   \u00e9l\u00e8ves<\/strong>   <strong>(150   unit\u00e9s + manuels)<\/strong>   <\/td><td>\n  <strong>Jour<\/strong>\n  <\/td><td>   <strong>60 000 FCFA<\/strong>   <\/td><td><strong>A1\/ A2\/ <\/strong><br><strong>B1<\/strong>   <\/td><\/tr><\/tbody><\/table><\/figure>\n\n\n\n<figure class=\"wp-block-table\"><table class=\"has-fixed-layout\"><tbody><tr><td><strong>Pour   \u00e9l\u00e8ves<\/strong>   <strong>(150   unit\u00e9s + manuels)<\/strong>      <\/td><td>\n  <strong>Soir<\/strong>\n  <\/td><td>\n  <strong>60 000FCFA<\/strong>\n  <\/td><td><strong>A1\/ A2\/ <\/strong><br><strong>B1<\/strong>    <\/td><\/tr><\/tbody><\/table><\/figure>\n\n\n\n<figure class=\"wp-block-table\"><table class=\"has-fixed-layout\"><tbody><tr><td>\n  <strong>Pr\u00e9paration\n  au Start Deutsch 1 et 2<\/strong>\n  <\/td><td>   <strong>30 000 F CFA\/ 60 000 FCFA<\/strong>   <\/td><td>A1\/ <br>A2   <\/td><\/tr><tr><td>\n  <strong>Pr\u00e9paration\n  <\/strong><strong>au Zertifikat<\/strong><strong> Deutsch<\/strong>\n  <\/td><td><strong>  40 000 F CFA\/ 90 000 FCFA<\/strong>   <\/td><td>B1\/ <br>B2   <\/td><\/tr><tr><td>\n  <strong>Pr\u00e9paration\n  <\/strong><strong>au Test DAF<\/strong><strong><\/strong>\n  <\/td><td>   <strong>50 000FCFA\/ 100 000FCFA<\/strong>   <\/td><td>\n  C1\n  <\/td><\/tr><\/tbody><\/table><\/figure>\n\n\n\n<p><br><\/p>\n\n\n\n<ul>\n<li>&nbsp;<strong>Cours de fran\u00e7ais et d\u2019Anglais<\/strong><\/li>\n<\/ul>\n\n\n\n<div class=\"wp-block-cover\"><span aria-hidden=\"true\" class=\"wp-block-cover__background has-background-dim-60 has-background-dim\"><\/span><img decoding=\"async\" loading=\"lazy\" width=\"740\" height=\"370\" class=\"wp-block-cover__image-background wp-image-110\" alt=\"\" src=\"http:\/\/dszjaunde.com\/wp-content\/uploads\/2020\/05\/225-parler-anglais-francais-nalliers-welcome-740x370.jpeg\" style=\"object-position:54% 51%\" data-object-fit=\"cover\" data-object-position=\"54% 51%\" srcset=\"https:\/\/dszjaunde.com\/wp-content\/uploads\/2020\/05\/225-parler-anglais-francais-nalliers-welcome-740x370.jpeg 740w, https:\/\/dszjaunde.com\/wp-content\/uploads\/2020\/05\/225-parler-anglais-francais-nalliers-welcome-740x370-300x150.jpeg 300w\" sizes=\"(max-width: 740px) 100vw, 740px\" \/><div class=\"wp-block-cover__inner-container\">\n<p class=\"has-text-align-center has-large-font-size\"> <strong>Cours de fran\u00e7ais et d\u2019Anglais<\/strong> <\/p>\n<\/div><\/div>\n\n\n\n<figure class=\"wp-block-table\"><table><tbody><tr><td>\n  <strong>Cours<\/strong>\n  <\/td><td>\n  <strong>Frais<\/strong>\n  <\/td><td>   <strong>Niv.\/Dur\u00e9e<\/strong>   <\/td><\/tr><tr><td>   Test<\/td><td>   5000f<br><\/td><td>   D\u00e9but   <\/td><\/tr><tr><td>\n  Cours pour d\u00e9butants&nbsp;\/ \u00e9tudiants niv. Bacc \n  <\/td><td>   <strong>80 000FCFA<\/strong>   En   10 semaines    ou <strong>30 000F<\/strong> Par mois<\/td><td>A1\/   <br>A2\/<br>B1\/ <br>B2\/ <br>C1\/ <br>C2   <\/td><\/tr><tr><td>\n  Cours pour\n  adultes et autres (niveaux d\u2019\u00e9tudes)\n  <\/td><td>   <strong>90  000FCFA <\/strong>   En 10 semaines   ou<strong> 35 000F<\/strong> Par mois<\/td><td>A1\/ <br>A2\/ <br>B1\/ <br>B2\/ <br>C1\/ <br>C2   <\/td><\/tr><tr><td>\n  Anglais professionnel &amp; pr\u00e9paration \u00e0 l\u2019IELTS\n  <\/td><td>   <strong>40 000FCFA \/ 75 000 FCFA<\/strong>   Par   mois   <\/td><td>   &nbsp;IELTS   4 Semaines   <\/td><\/tr><tr><td>\n  pr\u00e9paration au TOEFL \n  <\/td><td> <strong>40 000FCFA \/75&nbsp;000 FCFA <\/strong>Par   mois   <\/td><td>   TOEFL   4 Semaines   <\/td><\/tr><tr><td>\n  D\u00e9butants sans pr\u00e9requis \n  <\/td><td>   <strong>150&nbsp;000F   <\/strong>ou <strong>   50 000F<\/strong> Par mois   <\/td><td>   10 Semaines   <\/td><\/tr><tr><td>\n  Cours sp\u00e9ciaux \n  <\/td><td>\n  <strong>A\n  partir de 10 000Fcfa <\/strong>\n  <strong>par\n  heure<\/strong><strong><\/strong>\n  <\/td><td>A1\/ <br>A2\/ <br>B1\/ <br>B2\/ <br>C1\/ <br>C2   <\/td><\/tr><\/tbody><\/table><\/figure>\n\n\n\n<ul>\n<li><strong>Cours d&rsquo;anglais : <\/strong>\u00e9coliers: <strong>15 000fr<\/strong> par mois \u00e9l\u00e8ve : <strong>20 000fr<\/strong> par mois et \u00e9tudiants : <strong>25 000fr <\/strong>par mois<\/li>\n\n\n\n<li><strong>Cours de Chinois&nbsp;:<\/strong> <strong>50&nbsp;000 FCFA<\/strong> par mois pour tous les niveaux (y compris manuels) pour \u00e9tudiants et adultes et <strong>25&nbsp;000FCFA<\/strong> pour \u00e9l\u00e8ves. <\/li>\n\n\n\n<li><strong>Cours d\u2019arabe&nbsp;: 50 000 FCFA <\/strong>par mois<\/li>\n\n\n\n<li><strong>Cours des langues camerounaises&nbsp;:<\/strong> <strong>20&nbsp;000FCFA<\/strong> par mois pour tous les niveaux (y compris manuels) pour \u00e9tudiants et adultes et <strong>15&nbsp;000FCFA<\/strong> pour \u00e9l\u00e8ves.<\/li>\n\n\n\n<li><\/li>\n\n\n\n<li><strong><em>Cours d&rsquo;informatique : <\/em>20&nbsp;000FCFA<\/strong> par mois pour tous les \u00e9l\u00e8ves  pour \u00e9tudiants et adultes et <strong>25&nbsp;000FCFA<\/strong> pour \u00e9tudiants <\/li>\n<\/ul>\n\n\n\n<p><\/p>\n\n\n\n<p><strong>2- OFFRES DE FORMATIONS PROFESSIONNELLES<\/strong><\/p>\n\n\n\n<figure class=\"wp-block-image size-full is-resized\"><img decoding=\"async\" loading=\"lazy\" src=\"https:\/\/dszjaunde.com\/wp-content\/uploads\/2022\/09\/IMG_20220908_085630_919.jpg\" alt=\"\" class=\"wp-image-375\" width=\"1058\" height=\"722\" srcset=\"https:\/\/dszjaunde.com\/wp-content\/uploads\/2022\/09\/IMG_20220908_085630_919.jpg 1004w, https:\/\/dszjaunde.com\/wp-content\/uploads\/2022\/09\/IMG_20220908_085630_919-300x205.jpg 300w, https:\/\/dszjaunde.com\/wp-content\/uploads\/2022\/09\/IMG_20220908_085630_919-768x524.jpg 768w\" sizes=\"(max-width: 1058px) 100vw, 1058px\" \/><\/figure>\n\n\n\n<ul>\n<li><\/li>\n<\/ul>\n<div class=\"pvc_clear\"><\/div><p class=\"pvc_stats all \" data-element-id=\"14\" style=\"\"><i class=\"pvc-stats-icon medium\" aria-hidden=\"true\"><svg aria-hidden=\"true\" focusable=\"false\" data-prefix=\"far\" data-icon=\"chart-bar\" role=\"img\" xmlns=\"http:\/\/www.w3.org\/2000\/svg\" viewBox=\"0 0 512 512\" class=\"svg-inline--fa fa-chart-bar fa-w-16 fa-2x\"><path fill=\"currentColor\" d=\"M396.8 352h22.4c6.4 0 12.8-6.4 12.8-12.8V108.8c0-6.4-6.4-12.8-12.8-12.8h-22.4c-6.4 0-12.8 6.4-12.8 12.8v230.4c0 6.4 6.4 12.8 12.8 12.8zm-192 0h22.4c6.4 0 12.8-6.4 12.8-12.8V140.8c0-6.4-6.4-12.8-12.8-12.8h-22.4c-6.4 0-12.8 6.4-12.8 12.8v198.4c0 6.4 6.4 12.8 12.8 12.8zm96 0h22.4c6.4 0 12.8-6.4 12.8-12.8V204.8c0-6.4-6.4-12.8-12.8-12.8h-22.4c-6.4 0-12.8 6.4-12.8 12.8v134.4c0 6.4 6.4 12.8 12.8 12.8zM496 400H48V80c0-8.84-7.16-16-16-16H16C7.16 64 0 71.16 0 80v336c0 17.67 14.33 32 32 32h464c8.84 0 16-7.16 16-16v-16c0-8.84-7.16-16-16-16zm-387.2-48h22.4c6.4 0 12.8-6.4 12.8-12.8v-70.4c0-6.4-6.4-12.8-12.8-12.8h-22.4c-6.4 0-12.8 6.4-12.8 12.8v70.4c0 6.4 6.4 12.8 12.8 12.8z\" class=\"\"><\/path><\/svg><\/i> &nbsp;4,260&nbsp;total views, &nbsp;23&nbsp;views today<\/p><div class=\"pvc_clear\"><\/div>","protected":false},"excerpt":{"rendered":"<p>&nbsp;&nbsp;&nbsp;&nbsp;&nbsp;&nbsp;&nbsp; L\u2019inscription se fait la semaine qui pr\u00e9c\u00e8de le d\u00e9but des cours. Les apprenants doivent s\u2019acquitter de la somme de 10 000 FCFA pour les cours de langues et 25000 FCFA pour les formations professionnelles comme frais d\u2019administration et les frais de formations sont r\u00e9partis comme suit&nbsp;: Cours Frais Niveau Intensif (150 unit\u00e9s + manuels) &hellip;<\/p>\n<p class=\"read-more\"> <a class=\"\" href=\"https:\/\/dszjaunde.com\/?page_id=14\"> <span class=\"screen-reader-text\">Inscriptions<\/span> Lire la suite\u00a0\u00bb<\/a><\/p>\n<div class=\"pvc_clear\"><\/div>\n<p class=\"pvc_stats all \" data-element-id=\"14\" style=\"\"><i class=\"pvc-stats-icon medium\" aria-hidden=\"true\"><svg aria-hidden=\"true\" focusable=\"false\" data-prefix=\"far\" data-icon=\"chart-bar\" role=\"img\" xmlns=\"http:\/\/www.w3.org\/2000\/svg\" viewBox=\"0 0 512 512\" class=\"svg-inline--fa fa-chart-bar fa-w-16 fa-2x\"><path fill=\"currentColor\" d=\"M396.8 352h22.4c6.4 0 12.8-6.4 12.8-12.8V108.8c0-6.4-6.4-12.8-12.8-12.8h-22.4c-6.4 0-12.8 6.4-12.8 12.8v230.4c0 6.4 6.4 12.8 12.8 12.8zm-192 0h22.4c6.4 0 12.8-6.4 12.8-12.8V140.8c0-6.4-6.4-12.8-12.8-12.8h-22.4c-6.4 0-12.8 6.4-12.8 12.8v198.4c0 6.4 6.4 12.8 12.8 12.8zm96 0h22.4c6.4 0 12.8-6.4 12.8-12.8V204.8c0-6.4-6.4-12.8-12.8-12.8h-22.4c-6.4 0-12.8 6.4-12.8 12.8v134.4c0 6.4 6.4 12.8 12.8 12.8zM496 400H48V80c0-8.84-7.16-16-16-16H16C7.16 64 0 71.16 0 80v336c0 17.67 14.33 32 32 32h464c8.84 0 16-7.16 16-16v-16c0-8.84-7.16-16-16-16zm-387.2-48h22.4c6.4 0 12.8-6.4 12.8-12.8v-70.4c0-6.4-6.4-12.8-12.8-12.8h-22.4c-6.4 0-12.8 6.4-12.8 12.8v70.4c0 6.4 6.4 12.8 12.8 12.8z\" class=\"\"><\/path><\/svg><\/i> &nbsp;4,260&nbsp;total views, &nbsp;23&nbsp;views today<\/p>\n<div class=\"pvc_clear\"><\/div>\n","protected":false},"author":1,"featured_media":0,"parent":0,"menu_order":0,"comment_status":"closed","ping_status":"closed","template":"","meta":[],"_links":{"self":[{"href":"https:\/\/dszjaunde.com\/index.php?rest_route=\/wp\/v2\/pages\/14"}],"collection":[{"href":"https:\/\/dszjaunde.com\/index.php?rest_route=\/wp\/v2\/pages"}],"about":[{"href":"https:\/\/dszjaunde.com\/index.php?rest_route=\/wp\/v2\/types\/page"}],"author":[{"embeddable":true,"href":"https:\/\/dszjaunde.com\/index.php?rest_route=\/wp\/v2\/users\/1"}],"replies":[{"embeddable":true,"href":"https:\/\/dszjaunde.com\/index.php?rest_route=%2Fwp%2Fv2%2Fcomments&post=14"}],"version-history":[{"count":31,"href":"https:\/\/dszjaunde.com\/index.php?rest_route=\/wp\/v2\/pages\/14\/revisions"}],"predecessor-version":[{"id":521,"href":"https:\/\/dszjaunde.com\/index.php?rest_route=\/wp\/v2\/pages\/14\/revisions\/521"}],"wp:attachment":[{"href":"https:\/\/dszjaunde.com\/index.php?rest_route=%2Fwp%2Fv2%2Fmedia&parent=14"}],"curies":[{"name":"wp","href":"https:\/\/api.w.org\/{rel}","templated":true}]}}