{"id":16,"date":"2020-04-18T06:06:06","date_gmt":"2020-04-18T06:06:06","guid":{"rendered":"http:\/\/dszjaunde.com\/?page_id=16"},"modified":"2020-05-20T08:56:00","modified_gmt":"2020-05-20T08:56:00","slug":"cours-de-langues","status":"publish","type":"page","link":"https:\/\/dszjaunde.com\/?page_id=16","title":{"rendered":"Cours de langues"},"content":{"rendered":"\n<p><\/p>\n\n\n\n<p style=\"font-size:28px\">1. <strong>Cours d\u2019Allemand<\/strong><\/p>\n\n\n\n<ul><li>Cours intensifs 10\u00a0(dix semaines): Niveaux\u00a0: A1, A2, B1, B2, C1 et C2 (toute l\u2019ann\u00e9e)<\/li><li>Cours intensifs 8\u00a0(huit semaines): Niveaux\u00a0: A1, A2, B1, B2, C1 et C2 (toute l\u2019ann\u00e9e)<\/li><li>Cours intensifs 4 (quatre semaines) pour jeunes\u00a0: Niveaux\u00a0: A1, A2, B1 (Juin &#8211; Ao\u00fbt)<\/li><li>Pr\u00e9paration aux examens (quatre semaines)\u00a0: <strong>START DEUTSCH 1, 2, ZDAF et le TESTDAF<\/strong><\/li><\/ul>\n\n\n\n<div class=\"is-layout-flow wp-block-group\"><div class=\"wp-block-group__inner-container\"><\/div><\/div>\n\n\n\n<p style=\"font-size:28px\">2. <strong>Cours d\u2019Anglais<\/strong><\/p>\n\n\n\n<ul><li>Cours pour \u00e9tudiants\u00a0(huit \u00e0 douze semaines): Niveaux\u00a0: A1, A2, B1, B2, C1 et C2 (toute l\u2019ann\u00e9e)<\/li><li>Cours pour jeunes \u00e9coliers et \u00e9l\u00e8ves (quatre semaines)\u00a0Niveaux\u00a0: A1, A2, B1 (Juin &#8211; Ao\u00fbt)<\/li><li>Pr\u00e9paration aux examens (quatre semaines)\u00a0: <strong>IELTS, TOEFL..<\/strong><\/li><li>Cours sp\u00e9ciaux sur commande<\/li><\/ul>\n\n\n\n<div class=\"is-layout-flow wp-block-group\"><div class=\"wp-block-group__inner-container\"><\/div><\/div>\n\n\n\n<p style=\"font-size:28px\">3. <strong>Cours de Fran\u00e7ais<\/strong><\/p>\n\n\n\n<ul><li>Cours pour \u00e9tudiants\u00a0(quatre semaines): Niveaux\u00a0: A1, A2, B1, B2, C1 et C2\u00a0 (toute l\u2019ann\u00e9e)<\/li><li>Cours pour jeunes \u00e9coliers et \u00e9l\u00e8ves (quatre semaines)\u00a0Niveaux\u00a0: A1, A2, B1 (Juin &#8211; Ao\u00fbt)<\/li><li>Cours sp\u00e9ciaux sur commande<\/li><\/ul>\n\n\n\n<div class=\"is-layout-flow wp-block-group\"><div class=\"wp-block-group__inner-container\"><\/div><\/div>\n\n\n\n<p style=\"font-size:28px\">4. <strong>Cours intensifs de Chinois <\/strong><\/p>\n\n\n\n<ul><li>\u00a0Niveaux\u00a0: A1, A2, B1, B2, C1 et C2 (toute l\u2019ann\u00e9e)<\/li><\/ul>\n\n\n\n<div class=\"is-layout-flow wp-block-group\"><div class=\"wp-block-group__inner-container\"><\/div><\/div>\n\n\n\n<p style=\"font-size:28px\">5. <strong>Cours d\u2019Arabe. <\/strong><\/p>\n\n\n\n<p>Niveaux\u00a0: A1, A2, B1, B2, C1 et C2 (toute l\u2019ann\u00e9e)<\/p>\n\n\n\n<div class=\"is-layout-flow wp-block-group\"><div class=\"wp-block-group__inner-container\"><\/div><\/div>\n\n\n\n<p style=\"font-size:25px\">6. <strong>Cours de langues nationales camerounaise<\/strong> <\/p>\n\n\n\n<p>(toute l\u2019ann\u00e9e)<\/p>\n<div class=\"pvc_clear\"><\/div><p class=\"pvc_stats all \" data-element-id=\"16\" style=\"\"><i class=\"pvc-stats-icon medium\" aria-hidden=\"true\"><svg aria-hidden=\"true\" focusable=\"false\" data-prefix=\"far\" data-icon=\"chart-bar\" role=\"img\" xmlns=\"http:\/\/www.w3.org\/2000\/svg\" viewBox=\"0 0 512 512\" class=\"svg-inline--fa fa-chart-bar fa-w-16 fa-2x\"><path fill=\"currentColor\" d=\"M396.8 352h22.4c6.4 0 12.8-6.4 12.8-12.8V108.8c0-6.4-6.4-12.8-12.8-12.8h-22.4c-6.4 0-12.8 6.4-12.8 12.8v230.4c0 6.4 6.4 12.8 12.8 12.8zm-192 0h22.4c6.4 0 12.8-6.4 12.8-12.8V140.8c0-6.4-6.4-12.8-12.8-12.8h-22.4c-6.4 0-12.8 6.4-12.8 12.8v198.4c0 6.4 6.4 12.8 12.8 12.8zm96 0h22.4c6.4 0 12.8-6.4 12.8-12.8V204.8c0-6.4-6.4-12.8-12.8-12.8h-22.4c-6.4 0-12.8 6.4-12.8 12.8v134.4c0 6.4 6.4 12.8 12.8 12.8zM496 400H48V80c0-8.84-7.16-16-16-16H16C7.16 64 0 71.16 0 80v336c0 17.67 14.33 32 32 32h464c8.84 0 16-7.16 16-16v-16c0-8.84-7.16-16-16-16zm-387.2-48h22.4c6.4 0 12.8-6.4 12.8-12.8v-70.4c0-6.4-6.4-12.8-12.8-12.8h-22.4c-6.4 0-12.8 6.4-12.8 12.8v70.4c0 6.4 6.4 12.8 12.8 12.8z\" class=\"\"><\/path><\/svg><\/i> &nbsp;3,092&nbsp;total views, &nbsp;20&nbsp;views today<\/p><div class=\"pvc_clear\"><\/div>","protected":false},"excerpt":{"rendered":"<p>1. Cours d\u2019Allemand Cours intensifs 10\u00a0(dix semaines): Niveaux\u00a0: A1, A2, B1, B2, C1 et C2 (toute l\u2019ann\u00e9e) Cours intensifs 8\u00a0(huit semaines): Niveaux\u00a0: A1, A2, B1, B2, C1 et C2 (toute l\u2019ann\u00e9e) Cours intensifs 4 (quatre semaines) pour jeunes\u00a0: Niveaux\u00a0: A1, A2, B1 (Juin &#8211; Ao\u00fbt) Pr\u00e9paration aux examens (quatre semaines)\u00a0: START DEUTSCH 1, 2, ZDAF &hellip;<\/p>\n<p class=\"read-more\"> <a class=\"\" href=\"https:\/\/dszjaunde.com\/?page_id=16\"> <span class=\"screen-reader-text\">Cours de langues<\/span> Lire la suite\u00a0\u00bb<\/a><\/p>\n<div class=\"pvc_clear\"><\/div>\n<p class=\"pvc_stats all \" data-element-id=\"16\" style=\"\"><i class=\"pvc-stats-icon medium\" aria-hidden=\"true\"><svg aria-hidden=\"true\" focusable=\"false\" data-prefix=\"far\" data-icon=\"chart-bar\" role=\"img\" xmlns=\"http:\/\/www.w3.org\/2000\/svg\" viewBox=\"0 0 512 512\" class=\"svg-inline--fa fa-chart-bar fa-w-16 fa-2x\"><path fill=\"currentColor\" d=\"M396.8 352h22.4c6.4 0 12.8-6.4 12.8-12.8V108.8c0-6.4-6.4-12.8-12.8-12.8h-22.4c-6.4 0-12.8 6.4-12.8 12.8v230.4c0 6.4 6.4 12.8 12.8 12.8zm-192 0h22.4c6.4 0 12.8-6.4 12.8-12.8V140.8c0-6.4-6.4-12.8-12.8-12.8h-22.4c-6.4 0-12.8 6.4-12.8 12.8v198.4c0 6.4 6.4 12.8 12.8 12.8zm96 0h22.4c6.4 0 12.8-6.4 12.8-12.8V204.8c0-6.4-6.4-12.8-12.8-12.8h-22.4c-6.4 0-12.8 6.4-12.8 12.8v134.4c0 6.4 6.4 12.8 12.8 12.8zM496 400H48V80c0-8.84-7.16-16-16-16H16C7.16 64 0 71.16 0 80v336c0 17.67 14.33 32 32 32h464c8.84 0 16-7.16 16-16v-16c0-8.84-7.16-16-16-16zm-387.2-48h22.4c6.4 0 12.8-6.4 12.8-12.8v-70.4c0-6.4-6.4-12.8-12.8-12.8h-22.4c-6.4 0-12.8 6.4-12.8 12.8v70.4c0 6.4 6.4 12.8 12.8 12.8z\" class=\"\"><\/path><\/svg><\/i> &nbsp;3,092&nbsp;total views, &nbsp;20&nbsp;views today<\/p>\n<div class=\"pvc_clear\"><\/div>\n","protected":false},"author":1,"featured_media":0,"parent":0,"menu_order":0,"comment_status":"closed","ping_status":"closed","template":"","meta":[],"_links":{"self":[{"href":"https:\/\/dszjaunde.com\/index.php?rest_route=\/wp\/v2\/pages\/16"}],"collection":[{"href":"https:\/\/dszjaunde.com\/index.php?rest_route=\/wp\/v2\/pages"}],"about":[{"href":"https:\/\/dszjaunde.com\/index.php?rest_route=\/wp\/v2\/types\/page"}],"author":[{"embeddable":true,"href":"https:\/\/dszjaunde.com\/index.php?rest_route=\/wp\/v2\/users\/1"}],"replies":[{"embeddable":true,"href":"https:\/\/dszjaunde.com\/index.php?rest_route=%2Fwp%2Fv2%2Fcomments&post=16"}],"version-history":[{"count":14,"href":"https:\/\/dszjaunde.com\/index.php?rest_route=\/wp\/v2\/pages\/16\/revisions"}],"predecessor-version":[{"id":158,"href":"https:\/\/dszjaunde.com\/index.php?rest_route=\/wp\/v2\/pages\/16\/revisions\/158"}],"wp:attachment":[{"href":"https:\/\/dszjaunde.com\/index.php?rest_route=%2Fwp%2Fv2%2Fmedia&parent=16"}],"curies":[{"name":"wp","href":"https:\/\/api.w.org\/{rel}","templated":true}]}}